{"id":13,"date":"2025-10-01T07:28:45","date_gmt":"2025-10-01T07:28:45","guid":{"rendered":"https:\/\/www.contadortax.pl\/?page_id=13"},"modified":"2025-10-21T10:21:52","modified_gmt":"2025-10-21T10:21:52","slug":"home-page","status":"publish","type":"page","link":"https:\/\/www.contadortax.pl\/","title":{"rendered":"HOME PAGE"},"content":{"rendered":"\t\t<div data-elementor-type=\"wp-page\" data-elementor-id=\"13\" class=\"elementor elementor-13\">\n\t\t\t\t<div class=\"elementor-element elementor-element-1bf57b2 e-flex e-con-boxed e-con e-parent\" data-id=\"1bf57b2\" data-element_type=\"container\" data-e-type=\"container\" data-settings=\"{&quot;background_background&quot;:&quot;classic&quot;}\">\n\t\t\t\t\t<div class=\"e-con-inner\">\n\t\t\t\t<div class=\"elementor-element elementor-element-e97f754 elementor-widget elementor-widget-heading\" data-id=\"e97f754\" data-element_type=\"widget\" data-e-type=\"widget\" data-widget_type=\"heading.default\">\n\t\t\t\t\t<h2 class=\"elementor-heading-title elementor-size-default\">&nbsp;<\/h2>\t\t\t\t<\/div>\n\t\t\t\t<div class=\"elementor-element elementor-element-1671dd9 elementor-widget elementor-widget-heading\" data-id=\"1671dd9\" data-element_type=\"widget\" data-e-type=\"widget\" data-widget_type=\"heading.default\">\n\t\t\t\t\t<h2 class=\"elementor-heading-title elementor-size-default\">&nbsp;<\/h2>\t\t\t\t<\/div>\n\t\t\t\t<div class=\"elementor-element elementor-element-a8989c9 elementor-widget elementor-widget-heading\" data-id=\"a8989c9\" data-element_type=\"widget\" data-e-type=\"widget\" data-widget_type=\"heading.default\">\n\t\t\t\t\t<h2 class=\"elementor-heading-title elementor-size-default\">&nbsp;<\/h2>\t\t\t\t<\/div>\n\t\t\t\t<div class=\"elementor-element elementor-element-03946df elementor-widget elementor-widget-heading\" data-id=\"03946df\" data-element_type=\"widget\" data-e-type=\"widget\" data-widget_type=\"heading.default\">\n\t\t\t\t\t<h2 class=\"elementor-heading-title elementor-size-default\">ContadorTax \u2013 Twoje zaufane biuro rachunkowe\u200b<\/h2>\t\t\t\t<\/div>\n\t\t\t\t<div class=\"elementor-element elementor-element-2dbf3e2 elementor-widget elementor-widget-text-editor\" data-id=\"2dbf3e2\" data-element_type=\"widget\" data-e-type=\"widget\" data-widget_type=\"text-editor.default\">\n\t\t\t\t\t\t\t\t\t<p>Do\u015bwiadczenie, skrupulatno\u015b\u0107 i indywidualne podej\u015bcie do ka\u017cdego klienta.<\/p>\t\t\t\t\t\t\t\t<\/div>\n\t\t\t\t\t<\/div>\n\t\t\t\t<\/div>\n\t\t<div class=\"elementor-element elementor-element-f3888fb e-flex e-con-boxed e-con e-parent\" data-id=\"f3888fb\" data-element_type=\"container\" data-e-type=\"container\">\n\t\t\t\t\t<div class=\"e-con-inner\">\n\t\t<div class=\"elementor-element elementor-element-fb40b1e e-con-full e-flex e-con e-child\" data-id=\"fb40b1e\" data-element_type=\"container\" data-e-type=\"container\">\n\t\t\t\t<div class=\"elementor-element elementor-element-ebc2740 elementor-widget elementor-widget-heading\" data-id=\"ebc2740\" data-element_type=\"widget\" data-e-type=\"widget\" data-widget_type=\"heading.default\">\n\t\t\t\t\t<h2 class=\"elementor-heading-title elementor-size-default\">Kim jeste\u015bmy<\/h2>\t\t\t\t<\/div>\n\t\t\t\t<div class=\"elementor-element elementor-element-57c00b2 elementor-widget elementor-widget-text-editor\" data-id=\"57c00b2\" data-element_type=\"widget\" data-e-type=\"widget\" data-widget_type=\"text-editor.default\">\n\t\t\t\t\t\t\t\t\t<p>ContadorTax to nowoczesne biuro rachunkowe dzia\u0142aj\u0105ce na terenie <strong data-start=\"479\" data-end=\"518\">W\u00f3lki Kosowskiej, Nadarzyna i Janek<\/strong>. Od lat wspieramy <strong data-start=\"537\" data-end=\"561\">ma\u0142e i \u015brednie firmy<\/strong>, jednoosobowe dzia\u0142alno\u015bci oraz sp\u00f3\u0142ki w prowadzeniu ksi\u0119gowo\u015bci, podatk\u00f3w i spraw kadrowych.<br data-start=\"655\" data-end=\"658\" \/>Nasz\u0105 misj\u0105 jest zapewnienie pe\u0142nego spokoju przedsi\u0119biorcom \u2013 tak, aby mogli skupi\u0107 si\u0119 na rozwoju swojego biznesu, a nie na formalno\u015bciach.<\/p>\t\t\t\t\t\t\t\t<\/div>\n\t\t\t\t<\/div>\n\t\t<div class=\"elementor-element elementor-element-2f21ef2 e-con-full e-flex e-con e-child\" data-id=\"2f21ef2\" data-element_type=\"container\" data-e-type=\"container\">\n\t\t\t\t<div class=\"elementor-element elementor-element-57b6fef elementor-widget elementor-widget-image\" data-id=\"57b6fef\" data-element_type=\"widget\" data-e-type=\"widget\" data-widget_type=\"image.default\">\n\t\t\t\t\t\t\t\t\t\t\t\t\t\t\t<img fetchpriority=\"high\" decoding=\"async\" width=\"640\" height=\"427\" src=\"http:\/\/www.contadortax.pl\/wp-content\/uploads\/2025\/10\/ksiegowy-w-pracy-1024x683.jpg\" class=\"attachment-large size-large wp-image-58\" alt=\"\" srcset=\"http:\/\/www.contadortax.pl\/wp-content\/uploads\/2025\/10\/ksiegowy-w-pracy-1024x683.jpg 1024w, http:\/\/www.contadortax.pl\/wp-content\/uploads\/2025\/10\/ksiegowy-w-pracy-300x200.jpg 300w, http:\/\/www.contadortax.pl\/wp-content\/uploads\/2025\/10\/ksiegowy-w-pracy-768x512.jpg 768w, http:\/\/www.contadortax.pl\/wp-content\/uploads\/2025\/10\/ksiegowy-w-pracy-1536x1024.jpg 1536w, http:\/\/www.contadortax.pl\/wp-content\/uploads\/2025\/10\/ksiegowy-w-pracy-2048x1365.jpg 2048w\" sizes=\"(max-width: 640px) 100vw, 640px\" \/>\t\t\t\t\t\t\t\t\t\t\t\t\t\t\t<\/div>\n\t\t\t\t<\/div>\n\t\t\t\t\t<\/div>\n\t\t\t\t<\/div>\n\t\t<div class=\"elementor-element elementor-element-f8ccf63 e-flex e-con-boxed e-con e-parent\" data-id=\"f8ccf63\" data-element_type=\"container\" data-e-type=\"container\">\n\t\t\t\t\t<div class=\"e-con-inner\">\n\t\t<div class=\"elementor-element elementor-element-4ecd816 e-con-full e-flex e-con e-child\" data-id=\"4ecd816\" data-element_type=\"container\" data-e-type=\"container\">\n\t\t\t\t<div class=\"elementor-element elementor-element-1398f7a elementor-widget elementor-widget-image\" data-id=\"1398f7a\" data-element_type=\"widget\" data-e-type=\"widget\" data-widget_type=\"image.default\">\n\t\t\t\t\t\t\t\t\t\t\t\t\t\t\t<img decoding=\"async\" width=\"640\" height=\"424\" src=\"http:\/\/www.contadortax.pl\/wp-content\/uploads\/2025\/10\/biuro_rach002-1024x678.png\" class=\"attachment-large size-large wp-image-87\" alt=\"\" srcset=\"http:\/\/www.contadortax.pl\/wp-content\/uploads\/2025\/10\/biuro_rach002-1024x678.png 1024w, http:\/\/www.contadortax.pl\/wp-content\/uploads\/2025\/10\/biuro_rach002-300x199.png 300w, http:\/\/www.contadortax.pl\/wp-content\/uploads\/2025\/10\/biuro_rach002-768x509.png 768w, http:\/\/www.contadortax.pl\/wp-content\/uploads\/2025\/10\/biuro_rach002-1536x1017.png 1536w, http:\/\/www.contadortax.pl\/wp-content\/uploads\/2025\/10\/biuro_rach002-2048x1357.png 2048w\" sizes=\"(max-width: 640px) 100vw, 640px\" \/>\t\t\t\t\t\t\t\t\t\t\t\t\t\t\t<\/div>\n\t\t\t\t<\/div>\n\t\t<div class=\"elementor-element elementor-element-5713b08 e-con-full e-flex e-con e-child\" data-id=\"5713b08\" data-element_type=\"container\" data-e-type=\"container\">\n\t\t\t\t<div class=\"elementor-element elementor-element-f658886 elementor-widget elementor-widget-heading\" data-id=\"f658886\" data-element_type=\"widget\" data-e-type=\"widget\" data-widget_type=\"heading.default\">\n\t\t\t\t\t<h2 class=\"elementor-heading-title elementor-size-default\">Dlaczego warto wybra\u0107 ContadorTax<\/h2>\t\t\t\t<\/div>\n\t\t\t\t<div class=\"elementor-element elementor-element-d31b447 elementor-widget elementor-widget-text-editor\" data-id=\"d31b447\" data-element_type=\"widget\" data-e-type=\"widget\" data-widget_type=\"text-editor.default\">\n\t\t\t\t\t\t\t\t\t<ul data-start=\"848\" data-end=\"1477\"><li data-start=\"848\" data-end=\"959\"><p data-start=\"850\" data-end=\"959\"><strong data-start=\"850\" data-end=\"884\">Do\u015bwiadczenie i profesjonalizm<\/strong> \u2013 pracujemy w oparciu o aktualne przepisy i najlepsze praktyki ksi\u0119gowe.<\/p><\/li><li data-start=\"960\" data-end=\"1093\"><p data-start=\"962\" data-end=\"1093\"><strong data-start=\"962\" data-end=\"992\">Skrupulatno\u015b\u0107 i dok\u0142adno\u015b\u0107<\/strong> \u2013 ka\u017cdy dokument jest analizowany z nale\u017cyt\u0105 staranno\u015bci\u0105, by unikn\u0105\u0107 b\u0142\u0119d\u00f3w i ryzyka podatkowego.<\/p><\/li><li data-start=\"1094\" data-end=\"1241\"><p data-start=\"1096\" data-end=\"1241\"><strong data-start=\"1096\" data-end=\"1122\">Indywidualne podej\u015bcie<\/strong> \u2013 rozumiemy, \u017ce ka\u017cda firma ma inne potrzeby. Dopasowujemy zakres us\u0142ug do profilu dzia\u0142alno\u015bci i oczekiwa\u0144 klienta.<\/p><\/li><li data-start=\"1242\" data-end=\"1361\"><p data-start=\"1244\" data-end=\"1361\"><strong data-start=\"1244\" data-end=\"1272\">Dost\u0119pno\u015b\u0107 i komunikacja<\/strong> \u2013 zapewniamy szybki kontakt i jasne wyja\u015bnienia bez skomplikowanego j\u0119zyka urz\u0119dowego.<\/p><\/li><li data-start=\"1362\" data-end=\"1477\"><p data-start=\"1364\" data-end=\"1477\"><strong data-start=\"1364\" data-end=\"1388\">Nowoczesne narz\u0119dzia<\/strong> \u2013 korzystamy z cyfrowych rozwi\u0105za\u0144, kt\u00f3re usprawniaj\u0105 wymian\u0119 dokument\u00f3w i raportowanie.<\/p><\/li><\/ul>\t\t\t\t\t\t\t\t<\/div>\n\t\t\t\t<\/div>\n\t\t\t\t\t<\/div>\n\t\t\t\t<\/div>\n\t\t<div class=\"elementor-element elementor-element-84f6c5c e-flex e-con-boxed e-con e-parent\" data-id=\"84f6c5c\" data-element_type=\"container\" data-e-type=\"container\">\n\t\t\t\t\t<div class=\"e-con-inner\">\n\t\t<div class=\"elementor-element elementor-element-c0e8fa8 e-con-full e-flex e-con e-child\" data-id=\"c0e8fa8\" data-element_type=\"container\" data-e-type=\"container\">\n\t\t\t\t<div class=\"elementor-element elementor-element-26fcd2f elementor-widget elementor-widget-heading\" data-id=\"26fcd2f\" data-element_type=\"widget\" data-e-type=\"widget\" data-widget_type=\"heading.default\">\n\t\t\t\t\t<h2 class=\"elementor-heading-title elementor-size-default\">Nasza oferta<\/h2>\t\t\t\t<\/div>\n\t\t\t\t<div class=\"elementor-element elementor-element-ddf926a elementor-widget elementor-widget-text-editor\" data-id=\"ddf926a\" data-element_type=\"widget\" data-e-type=\"widget\" data-widget_type=\"text-editor.default\">\n\t\t\t\t\t\t\t\t\t<p data-start=\"1505\" data-end=\"1813\">\u2714\ufe0f <strong data-start=\"1508\" data-end=\"1541\">Ksi\u0119ga przychod\u00f3w i rozchod\u00f3w<\/strong><br data-start=\"1541\" data-end=\"1544\" \/>\u2714\ufe0f <strong data-start=\"1547\" data-end=\"1603\">Pe\u0142na ksi\u0119gowo\u015b\u0107 (sp\u00f3\u0142ki z o.o., sp\u00f3\u0142ki komandytowe)<\/strong><br data-start=\"1603\" data-end=\"1606\" \/>\u2714\ufe0f <strong data-start=\"1609\" data-end=\"1626\">Kadry i p\u0142ace<\/strong><br data-start=\"1626\" data-end=\"1629\" \/>\u2714\ufe0f <strong data-start=\"1632\" data-end=\"1661\">Rozliczenia VAT, PIT, CIT<\/strong><br data-start=\"1661\" data-end=\"1664\" \/>\u2714\ufe0f <strong data-start=\"1667\" data-end=\"1701\">Doradztwo podatkowe i ksi\u0119gowe<\/strong><br data-start=\"1701\" data-end=\"1704\" \/>\u2714\ufe0f <strong data-start=\"1707\" data-end=\"1748\">Obs\u0142uga firm z kapita\u0142em zagranicznym<\/strong><br data-start=\"1748\" data-end=\"1751\" \/>\u2714\ufe0f <strong data-start=\"1754\" data-end=\"1813\">Rejestracja i obs\u0142uga nowych dzia\u0142alno\u015bci gospodarczych<\/strong><\/p>\t\t\t\t\t\t\t\t<\/div>\n\t\t\t\t<\/div>\n\t\t<div class=\"elementor-element elementor-element-5a52f36 e-con-full e-flex e-con e-child\" data-id=\"5a52f36\" data-element_type=\"container\" data-e-type=\"container\">\n\t\t\t\t<div class=\"elementor-element elementor-element-d82b64e elementor-widget elementor-widget-image\" data-id=\"d82b64e\" data-element_type=\"widget\" data-e-type=\"widget\" data-widget_type=\"image.default\">\n\t\t\t\t\t\t\t\t\t\t\t\t\t\t\t<img decoding=\"async\" width=\"640\" height=\"427\" src=\"http:\/\/www.contadortax.pl\/wp-content\/uploads\/2025\/10\/tabela-dyrektora-finansowego-1024x683.jpg\" class=\"attachment-large size-large wp-image-56\" alt=\"\" srcset=\"http:\/\/www.contadortax.pl\/wp-content\/uploads\/2025\/10\/tabela-dyrektora-finansowego-1024x683.jpg 1024w, http:\/\/www.contadortax.pl\/wp-content\/uploads\/2025\/10\/tabela-dyrektora-finansowego-300x200.jpg 300w, http:\/\/www.contadortax.pl\/wp-content\/uploads\/2025\/10\/tabela-dyrektora-finansowego-768x513.jpg 768w, http:\/\/www.contadortax.pl\/wp-content\/uploads\/2025\/10\/tabela-dyrektora-finansowego-1536x1025.jpg 1536w, http:\/\/www.contadortax.pl\/wp-content\/uploads\/2025\/10\/tabela-dyrektora-finansowego-2048x1367.jpg 2048w\" sizes=\"(max-width: 640px) 100vw, 640px\" \/>\t\t\t\t\t\t\t\t\t\t\t\t\t\t\t<\/div>\n\t\t\t\t<\/div>\n\t\t\t\t\t<\/div>\n\t\t\t\t<\/div>\n\t\t<div class=\"elementor-element elementor-element-ff6dd11 e-flex e-con-boxed e-con e-parent\" data-id=\"ff6dd11\" data-element_type=\"container\" data-e-type=\"container\">\n\t\t\t\t\t<div class=\"e-con-inner\">\n\t\t<div class=\"elementor-element elementor-element-90fe827 e-con-full e-flex e-con e-child\" data-id=\"90fe827\" data-element_type=\"container\" data-e-type=\"container\">\n\t\t\t\t<div class=\"elementor-element elementor-element-d44a850 elementor-widget elementor-widget-image\" data-id=\"d44a850\" data-element_type=\"widget\" data-e-type=\"widget\" data-widget_type=\"image.default\">\n\t\t\t\t\t\t\t\t\t\t\t\t\t\t\t<img loading=\"lazy\" decoding=\"async\" width=\"640\" height=\"509\" src=\"http:\/\/www.contadortax.pl\/wp-content\/uploads\/2025\/10\/biuro_rach007_biznez-1024x815.png\" class=\"attachment-large size-large wp-image-127\" alt=\"\" srcset=\"http:\/\/www.contadortax.pl\/wp-content\/uploads\/2025\/10\/biuro_rach007_biznez-1024x815.png 1024w, http:\/\/www.contadortax.pl\/wp-content\/uploads\/2025\/10\/biuro_rach007_biznez-300x239.png 300w, http:\/\/www.contadortax.pl\/wp-content\/uploads\/2025\/10\/biuro_rach007_biznez-768x611.png 768w, http:\/\/www.contadortax.pl\/wp-content\/uploads\/2025\/10\/biuro_rach007_biznez.png 1461w\" sizes=\"(max-width: 640px) 100vw, 640px\" \/>\t\t\t\t\t\t\t\t\t\t\t\t\t\t\t<\/div>\n\t\t\t\t<\/div>\n\t\t<div class=\"elementor-element elementor-element-2319e4f e-con-full e-flex e-con e-child\" data-id=\"2319e4f\" data-element_type=\"container\" data-e-type=\"container\">\n\t\t\t\t<div class=\"elementor-element elementor-element-6e4bbe0 elementor-widget elementor-widget-heading\" data-id=\"6e4bbe0\" data-element_type=\"widget\" data-e-type=\"widget\" data-widget_type=\"heading.default\">\n\t\t\t\t\t<h2 class=\"elementor-heading-title elementor-size-default\">Dla kogo pracujemy<\/h2>\t\t\t\t<\/div>\n\t\t\t\t<div class=\"elementor-element elementor-element-3de19cd elementor-widget elementor-widget-text-editor\" data-id=\"3de19cd\" data-element_type=\"widget\" data-e-type=\"widget\" data-widget_type=\"text-editor.default\">\n\t\t\t\t\t\t\t\t\t<p data-start=\"1847\" data-end=\"1923\">Specjalizujemy si\u0119 w obs\u0142udze <strong data-start=\"1877\" data-end=\"1914\">ma\u0142ych i \u015brednich przedsi\u0119biorstw<\/strong> z bran\u017c:<\/p><ul data-start=\"1924\" data-end=\"2062\"><li data-start=\"1924\" data-end=\"1969\"><p data-start=\"1926\" data-end=\"1969\">handlowej (w tym firmy z W\u00f3lki Kosowskiej),<\/p><\/li><li data-start=\"1970\" data-end=\"1997\"><p data-start=\"1972\" data-end=\"1997\">us\u0142ugowej i produkcyjnej,<\/p><\/li><li data-start=\"1998\" data-end=\"2036\"><p data-start=\"2000\" data-end=\"2036\">e-commerce i sprzeda\u017cy internetowej,<\/p><\/li><li data-start=\"2037\" data-end=\"2062\"><p data-start=\"2039\" data-end=\"2062\">transportu i logistyki.<\/p><\/li><\/ul>\t\t\t\t\t\t\t\t<\/div>\n\t\t\t\t<\/div>\n\t\t\t\t\t<\/div>\n\t\t\t\t<\/div>\n\t\t<div class=\"elementor-element elementor-element-8da4714 e-flex e-con-boxed e-con e-parent\" data-id=\"8da4714\" data-element_type=\"container\" data-e-type=\"container\">\n\t\t\t\t\t<div class=\"e-con-inner\">\n\t\t<div class=\"elementor-element elementor-element-eecd7c3 e-con-full e-flex e-con e-child\" data-id=\"eecd7c3\" data-element_type=\"container\" data-e-type=\"container\">\n\t\t\t\t<div class=\"elementor-element elementor-element-62cd8e0 elementor-widget elementor-widget-heading\" data-id=\"62cd8e0\" data-element_type=\"widget\" data-e-type=\"widget\" data-widget_type=\"heading.default\">\n\t\t\t\t\t<h2 class=\"elementor-heading-title elementor-size-default\">Zaufaj ContadorTax<\/h2>\t\t\t\t<\/div>\n\t\t\t\t<div class=\"elementor-element elementor-element-8680756 elementor-widget elementor-widget-text-editor\" data-id=\"8680756\" data-element_type=\"widget\" data-e-type=\"widget\" data-widget_type=\"text-editor.default\">\n\t\t\t\t\t\t\t\t\t<p>Nasze biuro rachunkowe to gwarancja <strong data-start=\"2132\" data-end=\"2177\">rzetelno\u015bci, poufno\u015bci i pe\u0142nego wsparcia<\/strong> w prowadzeniu Twojej firmy. Dzi\u0119ki nam zyskasz pewno\u015b\u0107, \u017ce Twoje rozliczenia s\u0105 w najlepszych r\u0119kach.<\/p>\t\t\t\t\t\t\t\t<\/div>\n\t\t\t\t<div class=\"elementor-element elementor-element-b23782f elementor-widget elementor-widget-text-editor\" data-id=\"b23782f\" data-element_type=\"widget\" data-e-type=\"widget\" data-widget_type=\"text-editor.default\">\n\t\t\t\t\t\t\t\t\t<p>\u00a0\ud83d\udccd <strong data-start=\"2291\" data-end=\"2323\">Biuro Rachunkowe ContadorTax<\/strong><br data-start=\"2323\" data-end=\"2326\" \/>Obs\u0142ugujemy klient\u00f3w z: <strong data-start=\"2350\" data-end=\"2398\">W\u00f3lki Kosowskiej, Nadarzyna, Janek i okolic.<\/strong><\/p>\t\t\t\t\t\t\t\t<\/div>\n\t\t\t\t<div class=\"elementor-element elementor-element-526a119 elementor-widget elementor-widget-text-editor\" data-id=\"526a119\" data-element_type=\"widget\" data-e-type=\"widget\" data-widget_type=\"text-editor.default\">\n\t\t\t\t\t\t\t\t\t<p>\ud83d\udcde <strong data-start=\"2404\" data-end=\"2429\">Skontaktuj si\u0119 z nami<\/strong><\/p><p>tel.: <strong>+ 48 667 100 030<\/strong><\/p><p>email: <strong>biuro@contadortax.pl<\/strong><\/p><p>\u00a0Om\u00f3wimy potrzeby Twojej firmy i przygotujemy indywidualn\u0105 ofert\u0119.<\/p><p>\u00a0<\/p><p>\u00a0<\/p>\t\t\t\t\t\t\t\t<\/div>\n\t\t\t\t<\/div>\n\t\t<div class=\"elementor-element elementor-element-c0281ca e-con-full e-flex e-con e-child\" data-id=\"c0281ca\" data-element_type=\"container\" data-e-type=\"container\">\n\t\t\t\t<div class=\"elementor-element elementor-element-1b5e140 elementor-widget elementor-widget-image\" data-id=\"1b5e140\" data-element_type=\"widget\" data-e-type=\"widget\" data-widget_type=\"image.default\">\n\t\t\t\t\t\t\t\t\t\t\t\t\t\t\t<img loading=\"lazy\" decoding=\"async\" width=\"640\" height=\"424\" src=\"http:\/\/www.contadortax.pl\/wp-content\/uploads\/2025\/10\/biuro_rach006_biznez-1024x678.png\" class=\"attachment-large size-large wp-image-105\" alt=\"\" srcset=\"http:\/\/www.contadortax.pl\/wp-content\/uploads\/2025\/10\/biuro_rach006_biznez-1024x678.png 1024w, http:\/\/www.contadortax.pl\/wp-content\/uploads\/2025\/10\/biuro_rach006_biznez-300x199.png 300w, http:\/\/www.contadortax.pl\/wp-content\/uploads\/2025\/10\/biuro_rach006_biznez-768x509.png 768w, http:\/\/www.contadortax.pl\/wp-content\/uploads\/2025\/10\/biuro_rach006_biznez-1536x1017.png 1536w, http:\/\/www.contadortax.pl\/wp-content\/uploads\/2025\/10\/biuro_rach006_biznez-2048x1357.png 2048w\" sizes=\"(max-width: 640px) 100vw, 640px\" \/>\t\t\t\t\t\t\t\t\t\t\t\t\t\t\t<\/div>\n\t\t\t\t<\/div>\n\t\t\t\t\t<\/div>\n\t\t\t\t<\/div>\n\t\t\t\t<\/div>\n\t\t","protected":false},"excerpt":{"rendered":"<p>&nbsp; &nbsp; &nbsp; ContadorTax \u2013 Twoje zaufane biuro rachunkowe\u200b Do\u015bwiadczenie, [&hellip;]<\/p>\n","protected":false},"author":1,"featured_media":0,"parent":0,"menu_order":0,"comment_status":"closed","ping_status":"closed","template":"elementor_header_footer","meta":{"footnotes":""},"class_list":["post-13","page","type-page","status-publish","hentry"],"_links":{"self":[{"href":"https:\/\/www.contadortax.pl\/index.php\/wp-json\/wp\/v2\/pages\/13","targetHints":{"allow":["GET"]}}],"collection":[{"href":"https:\/\/www.contadortax.pl\/index.php\/wp-json\/wp\/v2\/pages"}],"about":[{"href":"https:\/\/www.contadortax.pl\/index.php\/wp-json\/wp\/v2\/types\/page"}],"author":[{"embeddable":true,"href":"https:\/\/www.contadortax.pl\/index.php\/wp-json\/wp\/v2\/users\/1"}],"replies":[{"embeddable":true,"href":"https:\/\/www.contadortax.pl\/index.php\/wp-json\/wp\/v2\/comments?post=13"}],"version-history":[{"count":76,"href":"https:\/\/www.contadortax.pl\/index.php\/wp-json\/wp\/v2\/pages\/13\/revisions"}],"predecessor-version":[{"id":130,"href":"https:\/\/www.contadortax.pl\/index.php\/wp-json\/wp\/v2\/pages\/13\/revisions\/130"}],"wp:attachment":[{"href":"https:\/\/www.contadortax.pl\/index.php\/wp-json\/wp\/v2\/media?parent=13"}],"curies":[{"name":"wp","href":"https:\/\/api.w.org\/{rel}","templated":true}]}}